{"id":144,"date":"2025-07-22T18:27:32","date_gmt":"2025-07-22T18:27:32","guid":{"rendered":"https:\/\/keysupcoaching.com\/?page_id=144"},"modified":"2025-08-01T13:37:35","modified_gmt":"2025-08-01T13:37:35","slug":"coaching-strategique","status":"publish","type":"page","link":"https:\/\/keysupcoaching.com\/?page_id=144","title":{"rendered":"Coaching Marketing Strat\u00e9gique"},"content":{"rendered":"\n<div class=\"wp-block-cover alignfull wp-elements-dbce91927274af5fbf883933e4183715\" style=\"min-height:556px;aspect-ratio:unset;\"><img decoding=\"async\" class=\"wp-block-cover__image-background\" alt=\"\" src=\"https:\/\/keysupcoaching.com\/wp-content\/themes\/neve\/assets\/img\/starter-content\/neve-hero-2.png\" style=\"object-position:50% 72%\" data-object-fit=\"cover\" data-object-position=\"50% 72%\"\/><span aria-hidden=\"true\" class=\"wp-block-cover__background has-neve-link-color-background-color has-background-dim-100 has-background-dim\"><\/span><div class=\"wp-block-cover__inner-container is-layout-flow wp-block-cover-is-layout-flow\">\n<div class=\"wp-block-columns is-layout-flex wp-container-core-columns-is-layout-9d6595d7 wp-block-columns-is-layout-flex\">\n<div class=\"wp-block-column is-vertically-aligned-top is-layout-flow wp-block-column-is-layout-flow\"><div class=\"wp-block-image wp-duotone-unset-1\">\n<figure class=\"alignright size-full\"><img loading=\"lazy\" decoding=\"async\" width=\"500\" height=\"500\" src=\"http:\/\/keysupcoaching.com\/wp-content\/uploads\/2025\/07\/icone-site-page-daccueil-14.png\" alt=\"\" class=\"wp-image-104\" srcset=\"https:\/\/keysupcoaching.com\/wp-content\/uploads\/2025\/07\/icone-site-page-daccueil-14.png 500w, https:\/\/keysupcoaching.com\/wp-content\/uploads\/2025\/07\/icone-site-page-daccueil-14-300x300.png 300w, https:\/\/keysupcoaching.com\/wp-content\/uploads\/2025\/07\/icone-site-page-daccueil-14-150x150.png 150w\" sizes=\"auto, (max-width: 500px) 100vw, 500px\" \/><\/figure>\n<\/div><\/div>\n\n\n\n<div class=\"wp-block-column is-vertically-aligned-center is-layout-flow wp-block-column-is-layout-flow\" style=\"padding-right:var(--wp--preset--spacing--20);padding-left:var(--wp--preset--spacing--20);flex-basis:65%\">\n<h1 class=\"wp-block-heading has-text-align-left has-nv-text-dark-bg-color has-text-color\">Coaching Marketing Strat\u00e9gique<\/h1>\n\n\n\n<p class=\"has-text-align-left has-nv-text-dark-bg-color has-text-color\" style=\"font-size:17px\">Un coaching en marketing pens\u00e9 pour les entrepreneur\u00b7e\u00b7s, ind\u00e9pendants, dirigeant\u00b7e\u00b7s et \u00e9quipes marketing qui veulent faire les bons choix de fond, avant de penser outils et canaux.<\/p>\n\n\n\n<div class=\"wp-block-buttons is-layout-flex wp-block-buttons-is-layout-flex\">\n<div class=\"wp-block-button is-style-primary\"><a class=\"wp-block-button__link wp-element-button\" href=\"https:\/\/calendly.com\/keysupcoaching\/30min\" target=\"_blank\" rel=\"noreferrer noopener\">Prendre RDV<\/a><\/div>\n<\/div>\n<\/div>\n<\/div>\n<\/div><\/div>\n\n\n\n<div class=\"wp-block-cover alignfull\" style=\"min-height:600px;aspect-ratio:unset;\"><span aria-hidden=\"true\" class=\"wp-block-cover__background has-nv-light-bg-background-color has-background-dim-100 has-background-dim\"><\/span><div class=\"wp-block-cover__inner-container is-layout-flow wp-block-cover-is-layout-flow\">\n<div class=\"wp-block-media-text has-media-on-the-right is-stacked-on-mobile\"><div class=\"wp-block-media-text__content\">\n<p><\/p>\n\n\n\n<h2 class=\"wp-block-heading has-neve-text-color-color has-text-color\"><strong>\u00c0 quoi sert le coaching marketing strat\u00e9gique ?<\/strong><\/h2>\n\n\n\n<p class=\"has-neve-text-color-color has-text-color\"><br>Quand on lance une activit\u00e9 ou qu\u2019on veut la faire \u00e9voluer, il est facile de s\u2019\u00e9parpiller : trop d\u2019id\u00e9es, de doutes, d\u2019injonctions ext\u00e9rieures. Le coaching marketing strat\u00e9gique vous aide \u00e0 retrouver de la clart\u00e9, faire les bons choix en accord avec qui vous \u00eates, et b\u00e2tir une communication coh\u00e9rente, sinc\u00e8re et efficace.<\/p>\n\n\n\n<p class=\"has-neve-text-color-color has-text-color\">Ce n\u2019est pas une formule magique ou une strat\u00e9gie toute faite. C\u2019est un travail de fond sur votre positionnement, vos messages, vos cibles et votre posture, pour que votre marketing vous ressemble\u2026 et fonctionne.<\/p>\n<\/div><figure class=\"wp-block-media-text__media\"><img loading=\"lazy\" decoding=\"async\" width=\"500\" height=\"500\" src=\"https:\/\/keysupcoaching.com\/wp-content\/uploads\/2025\/08\/keysup_coaching_marketing_coaching_strategique.png\" alt=\"\" class=\"wp-image-276 size-full\" srcset=\"https:\/\/keysupcoaching.com\/wp-content\/uploads\/2025\/08\/keysup_coaching_marketing_coaching_strategique.png 500w, https:\/\/keysupcoaching.com\/wp-content\/uploads\/2025\/08\/keysup_coaching_marketing_coaching_strategique-300x300.png 300w, https:\/\/keysupcoaching.com\/wp-content\/uploads\/2025\/08\/keysup_coaching_marketing_coaching_strategique-150x150.png 150w\" sizes=\"auto, (max-width: 500px) 100vw, 500px\" \/><\/figure><\/div>\n<\/div><\/div>\n\n\n\n<p><\/p>\n\n\n\n<h2 class=\"wp-block-heading has-text-align-center\">Concr\u00e8tement, comment \u00e7a se passe ?<\/h2>\n\n\n\n<p><\/p>\n\n\n\n<div class=\"wp-block-columns is-layout-flex wp-container-core-columns-is-layout-9d6595d7 wp-block-columns-is-layout-flex\">\n<div class=\"wp-block-column neve-duotone is-layout-flow wp-block-column-is-layout-flow\" style=\"padding-right:var(--wp--preset--spacing--30);padding-left:var(--wp--preset--spacing--30)\"><div class=\"wp-block-image icon-style is-style-rounded wp-duotone-unset-2\">\n<figure class=\"aligncenter size-full is-resized has-custom-border\"><img loading=\"lazy\" decoding=\"async\" width=\"500\" height=\"500\" src=\"https:\/\/keysupcoaching.com\/wp-content\/uploads\/2025\/08\/icone-coaching-marketing-strategique-keysup-coaching.png\" alt=\"\" class=\"wp-image-352\" style=\"border-radius:0px;width:147px;height:auto\" title=\"\" srcset=\"https:\/\/keysupcoaching.com\/wp-content\/uploads\/2025\/08\/icone-coaching-marketing-strategique-keysup-coaching.png 500w, https:\/\/keysupcoaching.com\/wp-content\/uploads\/2025\/08\/icone-coaching-marketing-strategique-keysup-coaching-300x300.png 300w, https:\/\/keysupcoaching.com\/wp-content\/uploads\/2025\/08\/icone-coaching-marketing-strategique-keysup-coaching-150x150.png 150w\" sizes=\"auto, (max-width: 500px) 100vw, 500px\" \/><\/figure>\n<\/div>\n\n\n<h3 class=\"wp-block-heading has-text-align-center has-neve-text-color-color has-text-color\">Accompagnement individuel<\/h3>\n\n\n\n<p class=\"has-text-align-center\">Id\u00e9al pour les entrepreneur\u00b7e\u00b7s et dirigeant\u00b7e\u00b7s qui veulent prendre du recul sur leur strat\u00e9gie marketing, affiner leur positionnement ou retravailler leur communication de fond. Un accompagnement en profondeur pour structurer pas \u00e0 pas une communication align\u00e9e et efficace.<\/p>\n\n\n\n<p class=\"has-text-align-center\"><\/p>\n\n\n\n<div style=\"height:20px\" aria-hidden=\"true\" class=\"wp-block-spacer\"><\/div>\n<\/div>\n\n\n\n<div class=\"wp-block-column neve-duotone is-layout-flow wp-block-column-is-layout-flow\" style=\"padding-right:var(--wp--preset--spacing--30);padding-left:var(--wp--preset--spacing--30)\"><div class=\"wp-block-image icon-style is-style-rounded wp-duotone-unset-3\">\n<figure class=\"aligncenter size-full is-resized has-custom-border\"><img loading=\"lazy\" decoding=\"async\" width=\"500\" height=\"500\" src=\"https:\/\/keysupcoaching.com\/wp-content\/uploads\/2025\/08\/icone-coaching-marketing-strategique-keysup-coaching-2.png\" alt=\"\" class=\"wp-image-353\" style=\"border-radius:0px;width:147px;height:auto\" title=\"\" srcset=\"https:\/\/keysupcoaching.com\/wp-content\/uploads\/2025\/08\/icone-coaching-marketing-strategique-keysup-coaching-2.png 500w, https:\/\/keysupcoaching.com\/wp-content\/uploads\/2025\/08\/icone-coaching-marketing-strategique-keysup-coaching-2-300x300.png 300w, https:\/\/keysupcoaching.com\/wp-content\/uploads\/2025\/08\/icone-coaching-marketing-strategique-keysup-coaching-2-150x150.png 150w\" sizes=\"auto, (max-width: 500px) 100vw, 500px\" \/><\/figure>\n<\/div>\n\n\n<h3 class=\"wp-block-heading has-text-align-center has-neve-text-color-color has-text-color\">Format intensif<\/h3>\n\n\n\n<p class=\"has-text-align-center\">Con\u00e7u pour les \u00e9quipes marketing ou communication qui veulent faire le point \u00e0 360\u00b0 et (re)poser les bases d\u2019une strat\u00e9gie claire. Un temps court, concentr\u00e9, pour d\u00e9bloquer, d\u00e9cider et relancer la dynamique collective autour d\u2019un cap commun.<\/p>\n\n\n\n<p class=\"has-text-align-center\"><\/p>\n\n\n\n<div style=\"height:20px\" aria-hidden=\"true\" class=\"wp-block-spacer\"><\/div>\n<\/div>\n\n\n\n<div class=\"wp-block-column neve-duotone is-layout-flow wp-block-column-is-layout-flow\" style=\"padding-right:var(--wp--preset--spacing--30);padding-left:var(--wp--preset--spacing--30)\"><div class=\"wp-block-image icon-style is-style-rounded wp-duotone-unset-4\">\n<figure class=\"aligncenter size-full is-resized has-custom-border\"><img loading=\"lazy\" decoding=\"async\" width=\"500\" height=\"500\" src=\"https:\/\/keysupcoaching.com\/wp-content\/uploads\/2025\/08\/icone-coaching-marketing-strategique-keysup-coaching-3.png\" alt=\"\" class=\"wp-image-354\" style=\"border-radius:0px;width:147px;height:auto\" title=\"\" srcset=\"https:\/\/keysupcoaching.com\/wp-content\/uploads\/2025\/08\/icone-coaching-marketing-strategique-keysup-coaching-3.png 500w, https:\/\/keysupcoaching.com\/wp-content\/uploads\/2025\/08\/icone-coaching-marketing-strategique-keysup-coaching-3-300x300.png 300w, https:\/\/keysupcoaching.com\/wp-content\/uploads\/2025\/08\/icone-coaching-marketing-strategique-keysup-coaching-3-150x150.png 150w\" sizes=\"auto, (max-width: 500px) 100vw, 500px\" \/><\/figure>\n<\/div>\n\n\n<h3 class=\"wp-block-heading has-text-align-center has-neve-text-color-color has-text-color\">Sessions ponctuelles<\/h3>\n\n\n\n<p class=\"has-text-align-center\">Ouvert \u00e0 toutes et tous, que ce soit pour d\u00e9bloquer une probl\u00e9matique pr\u00e9cise (refonte de site, storytelling, strat\u00e9gie LinkedIn\u2026), valider une intuition ou clarifier une id\u00e9e. Utile quand on sent qu\u2019on tourne en rond ou qu\u2019on a besoin d\u2019un regard ext\u00e9rieur pour faire un pas d\u00e9cisif.<\/p>\n\n\n\n<p class=\"has-text-align-center\"><\/p>\n\n\n\n<div style=\"height:20px\" aria-hidden=\"true\" class=\"wp-block-spacer\"><\/div>\n<\/div>\n<\/div>\n\n\n\n<div class=\"wp-block-cover alignfull\" style=\"min-height:300px;aspect-ratio:unset;\"><span aria-hidden=\"true\" class=\"wp-block-cover__background has-neve-link-color-background-color has-background-dim-100 has-background-dim\"><\/span><div class=\"wp-block-cover__inner-container is-layout-flow wp-block-cover-is-layout-flow\">\n<div style=\"height:140px\" aria-hidden=\"true\" class=\"wp-block-spacer\"><\/div>\n\n\n\n<div class=\"wp-block-columns is-layout-flex wp-container-core-columns-is-layout-9d6595d7 wp-block-columns-is-layout-flex\">\n<div class=\"wp-block-column is-layout-flow wp-block-column-is-layout-flow\" style=\"flex-basis:20%\"><\/div>\n\n\n\n<div class=\"wp-block-column is-layout-flow wp-block-column-is-layout-flow\" style=\"flex-basis:60%\">\n<div class=\"wp-block-group\"><div class=\"wp-block-group__inner-container is-layout-constrained wp-block-group-is-layout-constrained\">\n<h2 class=\"wp-block-heading has-text-align-center has-nv-text-dark-bg-color has-text-color\"><br><br><strong>Discutons de votre besoin<\/strong><\/h2>\n\n\n\n<p class=\"has-text-align-center has-nv-text-dark-bg-color has-text-color has-link-color wp-elements-65bfa1fec9fc8df12cfd48e9ff7c088e\"><br>Je vous propose un premier \u00e9change sans engagement pour en discuter.<\/p>\n\n\n\n<div class=\"wp-block-buttons is-content-justification-center is-layout-flex wp-container-core-buttons-is-layout-16018d1d wp-block-buttons-is-layout-flex\">\n<div class=\"wp-block-button is-style-primary\"><a class=\"wp-block-button__link wp-element-button\" href=\"https:\/\/app.priorise.fr\/praticiens\/cindy-roublicq\/book?serviceId=59&amp;consultationMode=visio\" target=\"_blank\" rel=\"noreferrer noopener\">Prendre RDV<\/a><\/div>\n<\/div>\n<\/div><\/div>\n<\/div>\n\n\n\n<div class=\"wp-block-column is-layout-flow wp-block-column-is-layout-flow\" style=\"flex-basis:20%\"><\/div>\n<\/div>\n\n\n\n<div style=\"height:140px\" aria-hidden=\"true\" class=\"wp-block-spacer\"><\/div>\n<\/div><\/div>\n\n\n\n<div class=\"wp-block-cover alignfull has-nv-text-dark-bg-color has-text-color has-link-color wp-elements-7b58f8ae05e2b34833d97ad11087add4\" style=\"min-height:420px;aspect-ratio:unset;\"><span aria-hidden=\"true\" class=\"wp-block-cover__background has-nv-dark-bg-background-color has-background-dim-100 has-background-dim\"><\/span><div class=\"wp-block-cover__inner-container is-layout-flow wp-block-cover-is-layout-flow\">\n<p><\/p>\n\n\n\n<div class=\"wp-block-columns is-layout-flex wp-container-core-columns-is-layout-9d6595d7 wp-block-columns-is-layout-flex\">\n<div class=\"wp-block-column is-layout-flow wp-block-column-is-layout-flow\" style=\"flex-basis:33.33%\">\n<figure class=\"wp-block-image size-full\"><img loading=\"lazy\" decoding=\"async\" width=\"500\" height=\"500\" src=\"http:\/\/keysupcoaching.com\/wp-content\/uploads\/2025\/07\/icone-site-page-daccueil-1.png\" alt=\"\" class=\"wp-image-84\" srcset=\"https:\/\/keysupcoaching.com\/wp-content\/uploads\/2025\/07\/icone-site-page-daccueil-1.png 500w, https:\/\/keysupcoaching.com\/wp-content\/uploads\/2025\/07\/icone-site-page-daccueil-1-300x300.png 300w, https:\/\/keysupcoaching.com\/wp-content\/uploads\/2025\/07\/icone-site-page-daccueil-1-150x150.png 150w\" sizes=\"auto, (max-width: 500px) 100vw, 500px\" \/><\/figure>\n<\/div>\n\n\n\n<div class=\"wp-block-column is-layout-flow wp-block-column-is-layout-flow\" style=\"flex-basis:66.66%\">\n<p><\/p>\n\n\n\n<h2 class=\"wp-block-heading\">Cindy Roublicq, Coach professionnelle certifi\u00e9e, bilingue Anglais<\/h2>\n\n\n\n<p>Apr\u00e8s 8 ann\u00e9es en tant que cadre dans le marketing et le management, j\u2019ai choisi de mettre mon \u00e9nergie au service de l\u2019humain en me formant au m\u00e9tier de coach professionnel, et en fondant KeysUp Coaching. Mon objectif : aider les professionnels \u00e0 retrouver de la clart\u00e9, du souffle et de l\u2019impact dans leur vie professionnelle.<\/p>\n\n\n\n<p>Avec une posture \u00e0 la fois bienveillante, structur\u00e9e et 100 % personnalis\u00e9e, j\u2019interviens aupr\u00e8s des entreprises et des particuliers pour cr\u00e9er un espace de r\u00e9flexion qui favorise la prise de recul, la prise de conscience et l\u2019alignement \u2013 individuel et collectif.<\/p>\n\n\n\n<p>J\u2019accompagne en Fran\u00e7ais et en Anglais<\/p>\n<\/div>\n<\/div>\n\n\n\n<div style=\"height:0px\" aria-hidden=\"true\" class=\"wp-block-spacer\"><\/div>\n<\/div><\/div>\n","protected":false},"excerpt":{"rendered":"<p>Concr\u00e8tement, comment \u00e7a se passe ? Accompagnement individuel Id\u00e9al pour les entrepreneur\u00b7e\u00b7s et dirigeant\u00b7e\u00b7s qui veulent prendre du recul sur leur strat\u00e9gie marketing, affiner leur positionnement ou retravailler leur communication de fond. Un accompagnement en profondeur pour structurer pas \u00e0 pas une communication align\u00e9e et efficace. Format intensif Con\u00e7u pour les \u00e9quipes marketing ou communication&hellip;&nbsp;<a href=\"https:\/\/keysupcoaching.com\/?page_id=144\" rel=\"bookmark\"><span class=\"screen-reader-text\">Coaching Marketing Strat\u00e9gique<\/span><\/a><\/p>\n","protected":false},"author":1,"featured_media":0,"parent":0,"menu_order":0,"comment_status":"closed","ping_status":"closed","template":"","meta":{"neve_meta_sidebar":"","neve_meta_container":"","neve_meta_enable_content_width":"","neve_meta_content_width":0,"neve_meta_title_alignment":"","neve_meta_author_avatar":"","neve_post_elements_order":"","neve_meta_disable_header":"","neve_meta_disable_footer":"","neve_meta_disable_title":"","footnotes":""},"class_list":["post-144","page","type-page","status-publish","hentry"],"_links":{"self":[{"href":"https:\/\/keysupcoaching.com\/index.php?rest_route=\/wp\/v2\/pages\/144","targetHints":{"allow":["GET"]}}],"collection":[{"href":"https:\/\/keysupcoaching.com\/index.php?rest_route=\/wp\/v2\/pages"}],"about":[{"href":"https:\/\/keysupcoaching.com\/index.php?rest_route=\/wp\/v2\/types\/page"}],"author":[{"embeddable":true,"href":"https:\/\/keysupcoaching.com\/index.php?rest_route=\/wp\/v2\/users\/1"}],"replies":[{"embeddable":true,"href":"https:\/\/keysupcoaching.com\/index.php?rest_route=%2Fwp%2Fv2%2Fcomments&post=144"}],"version-history":[{"count":24,"href":"https:\/\/keysupcoaching.com\/index.php?rest_route=\/wp\/v2\/pages\/144\/revisions"}],"predecessor-version":[{"id":357,"href":"https:\/\/keysupcoaching.com\/index.php?rest_route=\/wp\/v2\/pages\/144\/revisions\/357"}],"wp:attachment":[{"href":"https:\/\/keysupcoaching.com\/index.php?rest_route=%2Fwp%2Fv2%2Fmedia&parent=144"}],"curies":[{"name":"wp","href":"https:\/\/api.w.org\/{rel}","templated":true}]}}