{"id":142,"date":"2025-07-22T18:27:21","date_gmt":"2025-07-22T18:27:21","guid":{"rendered":"https:\/\/keysupcoaching.com\/?page_id=142"},"modified":"2025-08-01T13:28:56","modified_gmt":"2025-08-01T13:28:56","slug":"formations-sur-mesure","status":"publish","type":"page","link":"https:\/\/keysupcoaching.com\/?page_id=142","title":{"rendered":"Formations sur mesure"},"content":{"rendered":"\n<div class=\"wp-block-cover alignfull wp-elements-c247f058a3f94e6fccad13339242fc30\" style=\"min-height:578px;aspect-ratio:unset;\"><img decoding=\"async\" class=\"wp-block-cover__image-background\" alt=\"\" src=\"https:\/\/keysupcoaching.com\/wp-content\/themes\/neve\/assets\/img\/starter-content\/neve-hero-2.png\" style=\"object-position:50% 72%\" data-object-fit=\"cover\" data-object-position=\"50% 72%\"\/><span aria-hidden=\"true\" class=\"wp-block-cover__background has-neve-link-color-background-color has-background-dim-100 has-background-dim\"><\/span><div class=\"wp-block-cover__inner-container is-layout-flow wp-block-cover-is-layout-flow\">\n<div class=\"wp-block-columns is-layout-flex wp-container-core-columns-is-layout-9d6595d7 wp-block-columns-is-layout-flex\">\n<div class=\"wp-block-column is-vertically-aligned-top is-layout-flow wp-block-column-is-layout-flow\"><div class=\"wp-block-image wp-duotone-unset-1\">\n<figure class=\"alignright size-full\"><img loading=\"lazy\" decoding=\"async\" width=\"500\" height=\"500\" src=\"http:\/\/keysupcoaching.com\/wp-content\/uploads\/2025\/07\/icone-site-page-daccueil-13.png\" alt=\"\" class=\"wp-image-103\" srcset=\"https:\/\/keysupcoaching.com\/wp-content\/uploads\/2025\/07\/icone-site-page-daccueil-13.png 500w, https:\/\/keysupcoaching.com\/wp-content\/uploads\/2025\/07\/icone-site-page-daccueil-13-300x300.png 300w, https:\/\/keysupcoaching.com\/wp-content\/uploads\/2025\/07\/icone-site-page-daccueil-13-150x150.png 150w\" sizes=\"auto, (max-width: 500px) 100vw, 500px\" \/><\/figure>\n<\/div><\/div>\n\n\n\n<div class=\"wp-block-column is-vertically-aligned-center is-layout-flow wp-block-column-is-layout-flow\" style=\"padding-right:var(--wp--preset--spacing--20);padding-left:var(--wp--preset--spacing--20);flex-basis:65%\">\n<h1 class=\"wp-block-heading has-text-align-left has-nv-text-dark-bg-color has-text-color\">Formations sur-mesure<\/h1>\n\n\n\n<p class=\"has-text-align-left has-nv-text-dark-bg-color has-text-color\" style=\"font-size:17px\">Des formations con\u00e7ues sp\u00e9cifiquement pour vos enjeux. Des formats sur-mesure, construits avec vous, pour transformer durablement les dynamiques d\u2019\u00e9quipe.<\/p>\n\n\n\n<div class=\"wp-block-buttons is-layout-flex wp-block-buttons-is-layout-flex\">\n<div class=\"wp-block-button is-style-primary\"><a class=\"wp-block-button__link wp-element-button\" href=\"https:\/\/calendly.com\/keysupcoaching\/30min\" target=\"_blank\" rel=\"noreferrer noopener\">Prendre RDV<\/a><\/div>\n<\/div>\n<\/div>\n<\/div>\n<\/div><\/div>\n\n\n\n<div class=\"wp-block-cover alignfull\" style=\"min-height:600px;aspect-ratio:unset;\"><span aria-hidden=\"true\" class=\"wp-block-cover__background has-nv-light-bg-background-color has-background-dim-100 has-background-dim\"><\/span><div class=\"wp-block-cover__inner-container is-layout-flow wp-block-cover-is-layout-flow\">\n<div class=\"wp-block-media-text has-media-on-the-right is-stacked-on-mobile\"><div class=\"wp-block-media-text__content\">\n<p><\/p>\n\n\n\n<h2 class=\"wp-block-heading has-neve-text-color-color has-text-color\"><strong>Pourquoi une formation sur-mesure ?<\/strong><\/h2>\n\n\n\n<p class=\"has-neve-text-color-color has-text-color\"><br>Chaque \u00e9quipe est unique. Alors pourquoi lui proposer un mod\u00e8le standardis\u00e9 ? Chez KeysUp Coaching, les formations sont con\u00e7ues pour r\u00e9pondre \u00e0 VOS probl\u00e9matiques concr\u00e8tes, en partant de la r\u00e9alit\u00e9 de terrain et des objectifs \u00e0 atteindre.<\/p>\n\n\n\n<p class=\"has-neve-text-color-color has-text-color\">Que ce soit pour mieux g\u00e9rer les tensions, renforcer l\u2019alignement manag\u00e9rial ou stimuler la confiance, nous co-construisons ensemble un parcours sur-mesure, combinant apports pratiques, posture et mise en mouvement.<\/p>\n<\/div><figure class=\"wp-block-media-text__media\"><img loading=\"lazy\" decoding=\"async\" width=\"500\" height=\"500\" src=\"https:\/\/keysupcoaching.com\/wp-content\/uploads\/2025\/08\/Formation_sur_mesure_keys_up_coaching.png\" alt=\"\" class=\"wp-image-348 size-full\" srcset=\"https:\/\/keysupcoaching.com\/wp-content\/uploads\/2025\/08\/Formation_sur_mesure_keys_up_coaching.png 500w, https:\/\/keysupcoaching.com\/wp-content\/uploads\/2025\/08\/Formation_sur_mesure_keys_up_coaching-300x300.png 300w, https:\/\/keysupcoaching.com\/wp-content\/uploads\/2025\/08\/Formation_sur_mesure_keys_up_coaching-150x150.png 150w\" sizes=\"auto, (max-width: 500px) 100vw, 500px\" \/><\/figure><\/div>\n<\/div><\/div>\n\n\n\n<p><\/p>\n\n\n\n<h2 class=\"wp-block-heading has-text-align-center\">Une approche qui marque durablement<\/h2>\n\n\n\n<p><\/p>\n\n\n\n<div class=\"wp-block-columns is-layout-flex wp-container-core-columns-is-layout-9d6595d7 wp-block-columns-is-layout-flex\">\n<div class=\"wp-block-column neve-duotone is-layout-flow wp-block-column-is-layout-flow\" style=\"padding-right:var(--wp--preset--spacing--30);padding-left:var(--wp--preset--spacing--30)\"><div class=\"wp-block-image icon-style is-style-rounded wp-duotone-unset-2\">\n<figure class=\"aligncenter size-full is-resized has-custom-border\"><img loading=\"lazy\" decoding=\"async\" width=\"500\" height=\"500\" src=\"https:\/\/keysupcoaching.com\/wp-content\/uploads\/2025\/07\/Formations_Sur_Mesure_Co_construites.png\" alt=\"\" class=\"wp-image-233\" style=\"border-radius:0px;width:147px;height:auto\" title=\"\" srcset=\"https:\/\/keysupcoaching.com\/wp-content\/uploads\/2025\/07\/Formations_Sur_Mesure_Co_construites.png 500w, https:\/\/keysupcoaching.com\/wp-content\/uploads\/2025\/07\/Formations_Sur_Mesure_Co_construites-300x300.png 300w, https:\/\/keysupcoaching.com\/wp-content\/uploads\/2025\/07\/Formations_Sur_Mesure_Co_construites-150x150.png 150w\" sizes=\"auto, (max-width: 500px) 100vw, 500px\" \/><\/figure>\n<\/div>\n\n\n<h3 class=\"wp-block-heading has-text-align-center has-neve-text-color-color has-text-color\">Co-construction avec vous<\/h3>\n\n\n\n<p class=\"has-text-align-center\">Parce que chaque contexte est unique, je prends le temps de comprendre vos enjeux pour concevoir une formation parfaitement align\u00e9e avec vos besoins, vos \u00e9quipes et vos objectifs.<\/p>\n\n\n\n<div style=\"height:20px\" aria-hidden=\"true\" class=\"wp-block-spacer\"><\/div>\n<\/div>\n\n\n\n<div class=\"wp-block-column neve-duotone is-layout-flow wp-block-column-is-layout-flow\" style=\"padding-right:var(--wp--preset--spacing--30);padding-left:var(--wp--preset--spacing--30)\"><div class=\"wp-block-image icon-style is-style-rounded wp-duotone-unset-3\">\n<figure class=\"aligncenter size-full is-resized has-custom-border\"><img loading=\"lazy\" decoding=\"async\" width=\"500\" height=\"500\" src=\"https:\/\/keysupcoaching.com\/wp-content\/uploads\/2025\/07\/Formations_Sur_mesure_pedagogie_vivante.png\" alt=\"\" class=\"wp-image-235\" style=\"border-radius:0px;width:147px;height:auto\" title=\"\" srcset=\"https:\/\/keysupcoaching.com\/wp-content\/uploads\/2025\/07\/Formations_Sur_mesure_pedagogie_vivante.png 500w, https:\/\/keysupcoaching.com\/wp-content\/uploads\/2025\/07\/Formations_Sur_mesure_pedagogie_vivante-300x300.png 300w, https:\/\/keysupcoaching.com\/wp-content\/uploads\/2025\/07\/Formations_Sur_mesure_pedagogie_vivante-150x150.png 150w\" sizes=\"auto, (max-width: 500px) 100vw, 500px\" \/><\/figure>\n<\/div>\n\n\n<h3 class=\"wp-block-heading has-text-align-center has-neve-text-color-color has-text-color\">Une p\u00e9dagogie vivante<\/h3>\n\n\n\n<p class=\"has-text-align-center\">Des formats dynamiques et participatifs, favorisant l\u2019implication de chacun, les \u00e9changes authentiques et cr\u00e9er une v\u00e9ritable exp\u00e9rience d\u2019apprentissage collective.<\/p>\n\n\n\n<div style=\"height:20px\" aria-hidden=\"true\" class=\"wp-block-spacer\"><\/div>\n<\/div>\n\n\n\n<div class=\"wp-block-column neve-duotone is-layout-flow wp-block-column-is-layout-flow\" style=\"padding-right:var(--wp--preset--spacing--30);padding-left:var(--wp--preset--spacing--30)\"><div class=\"wp-block-image icon-style is-style-rounded wp-duotone-unset-4\">\n<figure class=\"aligncenter size-full is-resized has-custom-border\"><img loading=\"lazy\" decoding=\"async\" width=\"500\" height=\"500\" src=\"https:\/\/keysupcoaching.com\/wp-content\/uploads\/2025\/07\/Formations_sur_mesure_Ancrage_durable.png\" alt=\"\" class=\"wp-image-236\" style=\"border-radius:0px;width:147px;height:auto\" title=\"\" srcset=\"https:\/\/keysupcoaching.com\/wp-content\/uploads\/2025\/07\/Formations_sur_mesure_Ancrage_durable.png 500w, https:\/\/keysupcoaching.com\/wp-content\/uploads\/2025\/07\/Formations_sur_mesure_Ancrage_durable-300x300.png 300w, https:\/\/keysupcoaching.com\/wp-content\/uploads\/2025\/07\/Formations_sur_mesure_Ancrage_durable-150x150.png 150w\" sizes=\"auto, (max-width: 500px) 100vw, 500px\" \/><\/figure>\n<\/div>\n\n\n<h3 class=\"wp-block-heading has-text-align-center has-neve-text-color-color has-text-color\">Un ancrage   durable<\/h3>\n\n\n\n<p class=\"has-text-align-center\">Des prises de conscience\u2026 qui ne s\u2019\u00e9vanouissent pas une fois la session termin\u00e9e. L\u2019objectif : du concret, du v\u00e9cu, et un ancrage durable dans les pratiques du quotidien.<\/p>\n\n\n\n<div style=\"height:20px\" aria-hidden=\"true\" class=\"wp-block-spacer\"><\/div>\n<\/div>\n\n\n\n<div class=\"wp-block-column neve-duotone is-layout-flow wp-block-column-is-layout-flow\" style=\"padding-right:var(--wp--preset--spacing--30);padding-left:var(--wp--preset--spacing--30)\"><div class=\"wp-block-image icon-style is-style-rounded wp-duotone-unset-5\">\n<figure class=\"aligncenter size-full is-resized has-custom-border\"><img loading=\"lazy\" decoding=\"async\" width=\"500\" height=\"500\" src=\"https:\/\/keysupcoaching.com\/wp-content\/uploads\/2025\/07\/Formations_sur_mesure_Adapte_public.png\" alt=\"\" class=\"wp-image-237\" style=\"border-radius:0px;width:147px;height:auto\" title=\"\" srcset=\"https:\/\/keysupcoaching.com\/wp-content\/uploads\/2025\/07\/Formations_sur_mesure_Adapte_public.png 500w, https:\/\/keysupcoaching.com\/wp-content\/uploads\/2025\/07\/Formations_sur_mesure_Adapte_public-300x300.png 300w, https:\/\/keysupcoaching.com\/wp-content\/uploads\/2025\/07\/Formations_sur_mesure_Adapte_public-150x150.png 150w\" sizes=\"auto, (max-width: 500px) 100vw, 500px\" \/><\/figure>\n<\/div>\n\n\n<h3 class=\"wp-block-heading has-text-align-center has-neve-text-color-color has-text-color\">Adapt\u00e9e \u00e0 votre public<\/h3>\n\n\n\n<p class=\"has-text-align-center\">Managers juniors, cadres exp\u00e9riment\u00e9s, \u00e9quipes pluridisciplinaires\u2026 la formation s\u2019ajuste \u00e0 vos r\u00e9alit\u00e9s et \u00e0 votre culture d\u2019entreprise.<\/p>\n\n\n\n<div style=\"height:20px\" aria-hidden=\"true\" class=\"wp-block-spacer\"><\/div>\n<\/div>\n<\/div>\n\n\n\n<div class=\"wp-block-cover alignfull\" style=\"min-height:300px;aspect-ratio:unset;\"><span aria-hidden=\"true\" class=\"wp-block-cover__background has-neve-link-color-background-color has-background-dim-100 has-background-dim\"><\/span><div class=\"wp-block-cover__inner-container is-layout-flow wp-block-cover-is-layout-flow\">\n<div style=\"height:140px\" aria-hidden=\"true\" class=\"wp-block-spacer\"><\/div>\n\n\n\n<div class=\"wp-block-columns is-layout-flex wp-container-core-columns-is-layout-9d6595d7 wp-block-columns-is-layout-flex\">\n<div class=\"wp-block-column is-layout-flow wp-block-column-is-layout-flow\" style=\"flex-basis:20%\"><\/div>\n\n\n\n<div class=\"wp-block-column is-layout-flow wp-block-column-is-layout-flow\" style=\"flex-basis:60%\">\n<div class=\"wp-block-group\"><div class=\"wp-block-group__inner-container is-layout-constrained wp-block-group-is-layout-constrained\">\n<h2 class=\"wp-block-heading has-text-align-center has-nv-text-dark-bg-color has-text-color\"><br><br><strong>Discutons de votre besoin<\/strong><\/h2>\n\n\n\n<p class=\"has-text-align-center has-nv-text-dark-bg-color has-text-color has-link-color wp-elements-65bfa1fec9fc8df12cfd48e9ff7c088e\"><br>Je vous propose un premier \u00e9change sans engagement pour en discuter.<\/p>\n\n\n\n<div class=\"wp-block-buttons is-content-justification-center is-layout-flex wp-container-core-buttons-is-layout-16018d1d wp-block-buttons-is-layout-flex\">\n<div class=\"wp-block-button is-style-primary\"><a class=\"wp-block-button__link wp-element-button\" href=\"https:\/\/app.priorise.fr\/praticiens\/cindy-roublicq\/book?serviceId=59&amp;consultationMode=visio\" target=\"_blank\" rel=\"noreferrer noopener\">Prendre RDV<\/a><\/div>\n<\/div>\n<\/div><\/div>\n<\/div>\n\n\n\n<div class=\"wp-block-column is-layout-flow wp-block-column-is-layout-flow\" style=\"flex-basis:20%\"><\/div>\n<\/div>\n\n\n\n<div style=\"height:140px\" aria-hidden=\"true\" class=\"wp-block-spacer\"><\/div>\n<\/div><\/div>\n\n\n\n<div class=\"wp-block-cover alignfull has-nv-text-dark-bg-color has-text-color has-link-color wp-elements-7b58f8ae05e2b34833d97ad11087add4\" style=\"min-height:420px;aspect-ratio:unset;\"><span aria-hidden=\"true\" class=\"wp-block-cover__background has-nv-dark-bg-background-color has-background-dim-100 has-background-dim\"><\/span><div class=\"wp-block-cover__inner-container is-layout-flow wp-block-cover-is-layout-flow\">\n<p><\/p>\n\n\n\n<div class=\"wp-block-columns is-layout-flex wp-container-core-columns-is-layout-9d6595d7 wp-block-columns-is-layout-flex\">\n<div class=\"wp-block-column is-layout-flow wp-block-column-is-layout-flow\" style=\"flex-basis:33.33%\">\n<figure class=\"wp-block-image size-full\"><img loading=\"lazy\" decoding=\"async\" width=\"500\" height=\"500\" src=\"http:\/\/keysupcoaching.com\/wp-content\/uploads\/2025\/07\/icone-site-page-daccueil-1.png\" alt=\"\" class=\"wp-image-84\" srcset=\"https:\/\/keysupcoaching.com\/wp-content\/uploads\/2025\/07\/icone-site-page-daccueil-1.png 500w, https:\/\/keysupcoaching.com\/wp-content\/uploads\/2025\/07\/icone-site-page-daccueil-1-300x300.png 300w, https:\/\/keysupcoaching.com\/wp-content\/uploads\/2025\/07\/icone-site-page-daccueil-1-150x150.png 150w\" sizes=\"auto, (max-width: 500px) 100vw, 500px\" \/><\/figure>\n<\/div>\n\n\n\n<div class=\"wp-block-column is-layout-flow wp-block-column-is-layout-flow\" style=\"flex-basis:66.66%\">\n<p><\/p>\n\n\n\n<h2 class=\"wp-block-heading\">Cindy Roublicq, Coach professionnelle certifi\u00e9e, bilingue Anglais<\/h2>\n\n\n\n<p>Apr\u00e8s 8 ann\u00e9es en tant que cadre dans le marketing et le management, j\u2019ai choisi de mettre mon \u00e9nergie au service de l\u2019humain en me formant au m\u00e9tier de coach professionnel, et en fondant KeysUp Coaching. Mon objectif : aider les professionnels \u00e0 retrouver de la clart\u00e9, du souffle et de l\u2019impact dans leur vie professionnelle.<\/p>\n\n\n\n<p>Avec une posture \u00e0 la fois bienveillante, structur\u00e9e et 100 % personnalis\u00e9e, j\u2019interviens aupr\u00e8s des entreprises et des particuliers pour cr\u00e9er un espace de r\u00e9flexion qui favorise la prise de recul, la prise de conscience et l\u2019alignement \u2013 individuel et collectif.<\/p>\n\n\n\n<p>J\u2019accompagne en Fran\u00e7ais et en Anglais<\/p>\n<\/div>\n<\/div>\n\n\n\n<div style=\"height:0px\" aria-hidden=\"true\" class=\"wp-block-spacer\"><\/div>\n<\/div><\/div>\n","protected":false},"excerpt":{"rendered":"<p>Une approche qui marque durablement Co-construction avec vous Parce que chaque contexte est unique, je prends le temps de comprendre vos enjeux pour concevoir une formation parfaitement align\u00e9e avec vos besoins, vos \u00e9quipes et vos objectifs. Une p\u00e9dagogie vivante Des formats dynamiques et participatifs, favorisant l\u2019implication de chacun, les \u00e9changes authentiques et cr\u00e9er une v\u00e9ritable&hellip;&nbsp;<a href=\"https:\/\/keysupcoaching.com\/?page_id=142\" rel=\"bookmark\"><span class=\"screen-reader-text\">Formations sur mesure<\/span><\/a><\/p>\n","protected":false},"author":1,"featured_media":0,"parent":0,"menu_order":0,"comment_status":"closed","ping_status":"closed","template":"","meta":{"neve_meta_sidebar":"","neve_meta_container":"","neve_meta_enable_content_width":"","neve_meta_content_width":0,"neve_meta_title_alignment":"","neve_meta_author_avatar":"","neve_post_elements_order":"","neve_meta_disable_header":"","neve_meta_disable_footer":"","neve_meta_disable_title":"","footnotes":""},"class_list":["post-142","page","type-page","status-publish","hentry"],"_links":{"self":[{"href":"https:\/\/keysupcoaching.com\/index.php?rest_route=\/wp\/v2\/pages\/142","targetHints":{"allow":["GET"]}}],"collection":[{"href":"https:\/\/keysupcoaching.com\/index.php?rest_route=\/wp\/v2\/pages"}],"about":[{"href":"https:\/\/keysupcoaching.com\/index.php?rest_route=\/wp\/v2\/types\/page"}],"author":[{"embeddable":true,"href":"https:\/\/keysupcoaching.com\/index.php?rest_route=\/wp\/v2\/users\/1"}],"replies":[{"embeddable":true,"href":"https:\/\/keysupcoaching.com\/index.php?rest_route=%2Fwp%2Fv2%2Fcomments&post=142"}],"version-history":[{"count":23,"href":"https:\/\/keysupcoaching.com\/index.php?rest_route=\/wp\/v2\/pages\/142\/revisions"}],"predecessor-version":[{"id":349,"href":"https:\/\/keysupcoaching.com\/index.php?rest_route=\/wp\/v2\/pages\/142\/revisions\/349"}],"wp:attachment":[{"href":"https:\/\/keysupcoaching.com\/index.php?rest_route=%2Fwp%2Fv2%2Fmedia&parent=142"}],"curies":[{"name":"wp","href":"https:\/\/api.w.org\/{rel}","templated":true}]}}