{"id":136,"date":"2025-07-22T18:17:14","date_gmt":"2025-07-22T18:17:14","guid":{"rendered":"https:\/\/keysupcoaching.com\/?page_id=136"},"modified":"2025-08-01T13:14:33","modified_gmt":"2025-08-01T13:14:33","slug":"coaching-individuel","status":"publish","type":"page","link":"https:\/\/keysupcoaching.com\/?page_id=136","title":{"rendered":"Coaching Individuel"},"content":{"rendered":"\n<div class=\"wp-block-cover alignfull wp-elements-fde8c1afed4e0e7e1c3f0622924ef641\" style=\"min-height:578px;aspect-ratio:unset;\"><img decoding=\"async\" class=\"wp-block-cover__image-background\" alt=\"\" src=\"https:\/\/keysupcoaching.com\/wp-content\/themes\/neve\/assets\/img\/starter-content\/neve-hero-2.png\" style=\"object-position:50% 72%\" data-object-fit=\"cover\" data-object-position=\"50% 72%\"\/><span aria-hidden=\"true\" class=\"wp-block-cover__background has-neve-link-color-background-color has-background-dim-100 has-background-dim\"><\/span><div class=\"wp-block-cover__inner-container is-layout-flow wp-block-cover-is-layout-flow\">\n<div class=\"wp-block-columns is-layout-flex wp-container-core-columns-is-layout-9d6595d7 wp-block-columns-is-layout-flex\">\n<div class=\"wp-block-column is-vertically-aligned-top is-layout-flow wp-block-column-is-layout-flow\"><div class=\"wp-block-image wp-duotone-unset-1\">\n<figure class=\"alignright size-full\"><img loading=\"lazy\" decoding=\"async\" width=\"500\" height=\"500\" src=\"http:\/\/keysupcoaching.com\/wp-content\/uploads\/2025\/07\/icone-site-page-daccueil-11.png\" alt=\"coaching-individuel\" class=\"wp-image-98\" srcset=\"https:\/\/keysupcoaching.com\/wp-content\/uploads\/2025\/07\/icone-site-page-daccueil-11.png 500w, https:\/\/keysupcoaching.com\/wp-content\/uploads\/2025\/07\/icone-site-page-daccueil-11-300x300.png 300w, https:\/\/keysupcoaching.com\/wp-content\/uploads\/2025\/07\/icone-site-page-daccueil-11-150x150.png 150w\" sizes=\"auto, (max-width: 500px) 100vw, 500px\" \/><\/figure>\n<\/div><\/div>\n\n\n\n<div class=\"wp-block-column is-vertically-aligned-center is-layout-flow wp-block-column-is-layout-flow\" style=\"padding-right:var(--wp--preset--spacing--20);padding-left:var(--wp--preset--spacing--20);flex-basis:65%\">\n<h1 class=\"wp-block-heading has-text-align-left has-nv-text-dark-bg-color has-text-color\">Coaching individuel<\/h1>\n\n\n\n<p class=\"has-text-align-left has-nv-text-dark-bg-color has-text-color\" style=\"font-size:17px\">Un accompagnement rien que pour vous, pour franchir un cap, \u00e9clairer vos choix, et r\u00e9v\u00e9ler ce potentiel que vous sentez pr\u00eat \u00e0 s\u2019exprimer.<\/p>\n\n\n\n<div class=\"wp-block-buttons is-layout-flex wp-block-buttons-is-layout-flex\">\n<div class=\"wp-block-button is-style-primary\"><a class=\"wp-block-button__link wp-element-button\" href=\"https:\/\/calendly.com\/keysupcoaching\/30min\" target=\"_blank\" rel=\"noreferrer noopener\">Prendre RDV<\/a><\/div>\n<\/div>\n<\/div>\n<\/div>\n<\/div><\/div>\n\n\n\n<div class=\"wp-block-cover alignfull\" style=\"min-height:600px;aspect-ratio:unset;\"><span aria-hidden=\"true\" class=\"wp-block-cover__background has-nv-light-bg-background-color has-background-dim-100 has-background-dim\"><\/span><div class=\"wp-block-cover__inner-container is-layout-flow wp-block-cover-is-layout-flow\">\n<div class=\"wp-block-group\"><div class=\"wp-block-group__inner-container is-layout-flow wp-block-group-is-layout-flow\"><\/div><\/div>\n\n\n\n<div class=\"wp-block-media-text has-media-on-the-right is-stacked-on-mobile\"><div class=\"wp-block-media-text__content\">\n<p><\/p>\n\n\n\n<h2 class=\"wp-block-heading has-neve-text-color-color has-text-color\">Reprendre les r\u00eanes de votre parcours professionnel<\/h2>\n\n\n\n<p class=\"has-neve-text-color-color has-text-color\">Le coaching individuel, c\u2019est un temps pour vous. Un espace confidentiel, sans jugement, pour faire le point, lever les freins et avancer avec plus de clart\u00e9.<\/p>\n\n\n\n<p class=\"has-neve-text-color-color has-text-color\">Que vous soyez en pleine r\u00e9flexion, confront\u00e9\u00b7e \u00e0 un cap difficile ou simplement en qu\u00eate de sens, je vous accompagne pas \u00e0 pas pour r\u00e9v\u00e9ler vos ressources, renforcer votre confiance et (re)trouver un \u00e9quilibre professionnel qui vous ressemble. \u00c0 votre rythme, en fran\u00e7ais ou en anglais, et toujours avec exigence, bienveillance\u2026 et un soup\u00e7on d\u2019audace.<\/p>\n<\/div><figure class=\"wp-block-media-text__media\"><img loading=\"lazy\" decoding=\"async\" width=\"500\" height=\"500\" src=\"https:\/\/keysupcoaching.com\/wp-content\/uploads\/2025\/08\/Keysup_coaching_individuel.png\" alt=\"\" class=\"wp-image-335 size-full\" srcset=\"https:\/\/keysupcoaching.com\/wp-content\/uploads\/2025\/08\/Keysup_coaching_individuel.png 500w, https:\/\/keysupcoaching.com\/wp-content\/uploads\/2025\/08\/Keysup_coaching_individuel-300x300.png 300w, https:\/\/keysupcoaching.com\/wp-content\/uploads\/2025\/08\/Keysup_coaching_individuel-150x150.png 150w\" sizes=\"auto, (max-width: 500px) 100vw, 500px\" \/><\/figure><\/div>\n<\/div><\/div>\n\n\n\n<p><\/p>\n\n\n\n<p><\/p>\n\n\n\n<h2 class=\"wp-block-heading has-text-align-center\">Cet accompagnement&#8230; <\/h2>\n\n\n\n<div class=\"wp-block-columns is-layout-flex wp-container-core-columns-is-layout-9d6595d7 wp-block-columns-is-layout-flex\">\n<div class=\"wp-block-column neve-duotone is-layout-flow wp-block-column-is-layout-flow\" style=\"padding-right:var(--wp--preset--spacing--30);padding-left:var(--wp--preset--spacing--30)\"><div class=\"wp-block-image icon-style is-style-rounded wp-duotone-unset-2\">\n<figure class=\"aligncenter size-full is-resized has-custom-border\"><img loading=\"lazy\" decoding=\"async\" width=\"500\" height=\"500\" src=\"https:\/\/keysupcoaching.com\/wp-content\/uploads\/2025\/07\/Design-sans-titre-3.png\" alt=\"\" class=\"wp-image-67\" style=\"border-radius:0px;width:147px;height:auto\" title=\"\" srcset=\"https:\/\/keysupcoaching.com\/wp-content\/uploads\/2025\/07\/Design-sans-titre-3.png 500w, https:\/\/keysupcoaching.com\/wp-content\/uploads\/2025\/07\/Design-sans-titre-3-300x300.png 300w, https:\/\/keysupcoaching.com\/wp-content\/uploads\/2025\/07\/Design-sans-titre-3-150x150.png 150w\" sizes=\"auto, (max-width: 500px) 100vw, 500px\" \/><\/figure>\n<\/div>\n\n\n<h3 class=\"wp-block-heading has-text-align-center has-neve-text-color-color has-text-color\">Sur mesure<\/h3>\n\n\n\n<p class=\"has-text-align-center\">Parce que chaque personne et chaque entreprise est unique, je cr\u00e9e un accompagnement adapt\u00e9 \u00e0 vos besoins et vos enjeux.<\/p>\n\n\n\n<div style=\"height:20px\" aria-hidden=\"true\" class=\"wp-block-spacer\"><\/div>\n<\/div>\n\n\n\n<div class=\"wp-block-column neve-duotone is-layout-flow wp-block-column-is-layout-flow\" style=\"padding-right:var(--wp--preset--spacing--30);padding-left:var(--wp--preset--spacing--30)\"><div class=\"wp-block-image icon-style is-style-rounded wp-duotone-unset-3\">\n<figure class=\"aligncenter size-full is-resized has-custom-border\"><img loading=\"lazy\" decoding=\"async\" width=\"500\" height=\"500\" src=\"https:\/\/keysupcoaching.com\/wp-content\/uploads\/2025\/07\/Design-sans-titre-4.png\" alt=\"\" class=\"wp-image-79\" style=\"border-radius:0px;width:147px;height:auto\" title=\"\" srcset=\"https:\/\/keysupcoaching.com\/wp-content\/uploads\/2025\/07\/Design-sans-titre-4.png 500w, https:\/\/keysupcoaching.com\/wp-content\/uploads\/2025\/07\/Design-sans-titre-4-300x300.png 300w, https:\/\/keysupcoaching.com\/wp-content\/uploads\/2025\/07\/Design-sans-titre-4-150x150.png 150w\" sizes=\"auto, (max-width: 500px) 100vw, 500px\" \/><\/figure>\n<\/div>\n\n\n<h3 class=\"wp-block-heading has-text-align-center has-neve-text-color-color has-text-color\">Confidentiel<\/h3>\n\n\n\n<p class=\"has-text-align-center\">Un espace de parole s\u00fbr et bienveillant pour avancer en toute confiance, sans jugement ni contraintes.<\/p>\n\n\n\n<div style=\"height:20px\" aria-hidden=\"true\" class=\"wp-block-spacer\"><\/div>\n<\/div>\n\n\n\n<div class=\"wp-block-column neve-duotone is-layout-flow wp-block-column-is-layout-flow\" style=\"padding-right:var(--wp--preset--spacing--30);padding-left:var(--wp--preset--spacing--30)\"><div class=\"wp-block-image icon-style is-style-rounded wp-duotone-unset-4\">\n<figure class=\"aligncenter size-full is-resized has-custom-border\"><img loading=\"lazy\" decoding=\"async\" width=\"500\" height=\"500\" src=\"https:\/\/keysupcoaching.com\/wp-content\/uploads\/2025\/07\/icone-site-page-daccueil.png\" alt=\"\" class=\"wp-image-81\" style=\"border-radius:0px;width:147px;height:auto\" title=\"\" srcset=\"https:\/\/keysupcoaching.com\/wp-content\/uploads\/2025\/07\/icone-site-page-daccueil.png 500w, https:\/\/keysupcoaching.com\/wp-content\/uploads\/2025\/07\/icone-site-page-daccueil-300x300.png 300w, https:\/\/keysupcoaching.com\/wp-content\/uploads\/2025\/07\/icone-site-page-daccueil-150x150.png 150w\" sizes=\"auto, (max-width: 500px) 100vw, 500px\" \/><\/figure>\n<\/div>\n\n\n<h3 class=\"wp-block-heading has-text-align-center has-neve-text-color-color has-text-color\"><strong>Transformateur<\/strong><\/h3>\n\n\n\n<p class=\"has-text-align-center\">Un accompagnement qui fait \u00e9merger des prises de conscience, des \u00e9lans nouveaux et une fa\u00e7on d\u2019\u00eatre profond\u00e9ment renouvel\u00e9e.<\/p>\n\n\n\n<div style=\"height:20px\" aria-hidden=\"true\" class=\"wp-block-spacer\"><\/div>\n<\/div>\n<\/div>\n\n\n\n<div class=\"wp-block-group is-layout-grid wp-container-core-group-is-layout-9649a0d9 wp-block-group-is-layout-grid\"><\/div>\n\n\n\n<div class=\"wp-block-group is-vertical is-layout-flex wp-container-core-group-is-layout-8cf370e7 wp-block-group-is-layout-flex\"><\/div>\n\n\n\n<div class=\"wp-block-cover alignfull\" style=\"min-height:300px;aspect-ratio:unset;\"><span aria-hidden=\"true\" class=\"wp-block-cover__background has-neve-link-color-background-color has-background-dim-100 has-background-dim\"><\/span><div class=\"wp-block-cover__inner-container is-layout-flow wp-block-cover-is-layout-flow\">\n<div style=\"height:140px\" aria-hidden=\"true\" class=\"wp-block-spacer\"><\/div>\n\n\n\n<div class=\"wp-block-columns is-layout-flex wp-container-core-columns-is-layout-9d6595d7 wp-block-columns-is-layout-flex\">\n<div class=\"wp-block-column is-layout-flow wp-block-column-is-layout-flow\" style=\"flex-basis:20%\"><\/div>\n\n\n\n<div class=\"wp-block-column is-layout-flow wp-block-column-is-layout-flow\" style=\"flex-basis:60%\">\n<div class=\"wp-block-group\"><div class=\"wp-block-group__inner-container is-layout-constrained wp-block-group-is-layout-constrained\">\n<h2 class=\"wp-block-heading has-text-align-center has-nv-text-dark-bg-color has-text-color\"><br><br><strong>Discutons de votre besoin<\/strong><\/h2>\n\n\n\n<p class=\"has-text-align-center has-nv-text-dark-bg-color has-text-color has-link-color wp-elements-65bfa1fec9fc8df12cfd48e9ff7c088e\"><br>Je vous propose un premier \u00e9change sans engagement pour en discuter.<\/p>\n\n\n\n<div class=\"wp-block-buttons is-content-justification-center is-layout-flex wp-container-core-buttons-is-layout-16018d1d wp-block-buttons-is-layout-flex\">\n<div class=\"wp-block-button is-style-primary\"><a class=\"wp-block-button__link wp-element-button\" href=\"https:\/\/app.priorise.fr\/praticiens\/cindy-roublicq\/book?serviceId=59&amp;consultationMode=visio\" target=\"_blank\" rel=\"noreferrer noopener\">Prendre RDV<\/a><\/div>\n<\/div>\n<\/div><\/div>\n<\/div>\n\n\n\n<div class=\"wp-block-column is-layout-flow wp-block-column-is-layout-flow\" style=\"flex-basis:20%\"><\/div>\n<\/div>\n\n\n\n<div style=\"height:140px\" aria-hidden=\"true\" class=\"wp-block-spacer\"><\/div>\n<\/div><\/div>\n\n\n\n<div class=\"wp-block-cover alignfull has-nv-text-dark-bg-color has-text-color has-link-color wp-elements-7b58f8ae05e2b34833d97ad11087add4\" style=\"min-height:420px;aspect-ratio:unset;\"><span aria-hidden=\"true\" class=\"wp-block-cover__background has-nv-dark-bg-background-color has-background-dim-100 has-background-dim\"><\/span><div class=\"wp-block-cover__inner-container is-layout-flow wp-block-cover-is-layout-flow\">\n<p><\/p>\n\n\n\n<div class=\"wp-block-columns is-layout-flex wp-container-core-columns-is-layout-9d6595d7 wp-block-columns-is-layout-flex\">\n<div class=\"wp-block-column is-layout-flow wp-block-column-is-layout-flow\" style=\"flex-basis:33.33%\">\n<figure class=\"wp-block-image size-full\"><img loading=\"lazy\" decoding=\"async\" width=\"500\" height=\"500\" src=\"http:\/\/keysupcoaching.com\/wp-content\/uploads\/2025\/07\/icone-site-page-daccueil-1.png\" alt=\"\" class=\"wp-image-84\" srcset=\"https:\/\/keysupcoaching.com\/wp-content\/uploads\/2025\/07\/icone-site-page-daccueil-1.png 500w, https:\/\/keysupcoaching.com\/wp-content\/uploads\/2025\/07\/icone-site-page-daccueil-1-300x300.png 300w, https:\/\/keysupcoaching.com\/wp-content\/uploads\/2025\/07\/icone-site-page-daccueil-1-150x150.png 150w\" sizes=\"auto, (max-width: 500px) 100vw, 500px\" \/><\/figure>\n<\/div>\n\n\n\n<div class=\"wp-block-column is-layout-flow wp-block-column-is-layout-flow\" style=\"flex-basis:66.66%\">\n<p><\/p>\n\n\n\n<h2 class=\"wp-block-heading\">Cindy Roublicq, Coach professionnelle certifi\u00e9e, bilingue Anglais<\/h2>\n\n\n\n<p>Apr\u00e8s 8 ann\u00e9es en tant que cadre dans le marketing et le management, j\u2019ai choisi de mettre mon \u00e9nergie au service de l\u2019humain en me formant au m\u00e9tier de coach professionnel, et en fondant KeysUp Coaching. Mon objectif : aider les professionnels \u00e0 retrouver de la clart\u00e9, du souffle et de l\u2019impact dans leur vie professionnelle.<\/p>\n\n\n\n<p>Avec une posture \u00e0 la fois bienveillante, structur\u00e9e et 100 % personnalis\u00e9e, j\u2019interviens aupr\u00e8s des entreprises et des particuliers pour cr\u00e9er un espace de r\u00e9flexion qui favorise la prise de recul, la prise de conscience et l\u2019alignement \u2013 individuel et collectif.<\/p>\n\n\n\n<p>J\u2019accompagne en Fran\u00e7ais et en Anglais<\/p>\n<\/div>\n<\/div>\n\n\n\n<div style=\"height:0px\" aria-hidden=\"true\" class=\"wp-block-spacer\"><\/div>\n<\/div><\/div>\n","protected":false},"excerpt":{"rendered":"<p>Cet accompagnement&#8230; Sur mesure Parce que chaque personne et chaque entreprise est unique, je cr\u00e9e un accompagnement adapt\u00e9 \u00e0 vos besoins et vos enjeux. Confidentiel Un espace de parole s\u00fbr et bienveillant pour avancer en toute confiance, sans jugement ni contraintes. Transformateur Un accompagnement qui fait \u00e9merger des prises de conscience, des \u00e9lans nouveaux et&hellip;&nbsp;<a href=\"https:\/\/keysupcoaching.com\/?page_id=136\" rel=\"bookmark\"><span class=\"screen-reader-text\">Coaching Individuel<\/span><\/a><\/p>\n","protected":false},"author":1,"featured_media":0,"parent":0,"menu_order":0,"comment_status":"closed","ping_status":"closed","template":"","meta":{"neve_meta_sidebar":"","neve_meta_container":"","neve_meta_enable_content_width":"","neve_meta_content_width":0,"neve_meta_title_alignment":"","neve_meta_author_avatar":"","neve_post_elements_order":"","neve_meta_disable_header":"","neve_meta_disable_footer":"","neve_meta_disable_title":"","footnotes":""},"class_list":["post-136","page","type-page","status-publish","hentry"],"_links":{"self":[{"href":"https:\/\/keysupcoaching.com\/index.php?rest_route=\/wp\/v2\/pages\/136","targetHints":{"allow":["GET"]}}],"collection":[{"href":"https:\/\/keysupcoaching.com\/index.php?rest_route=\/wp\/v2\/pages"}],"about":[{"href":"https:\/\/keysupcoaching.com\/index.php?rest_route=\/wp\/v2\/types\/page"}],"author":[{"embeddable":true,"href":"https:\/\/keysupcoaching.com\/index.php?rest_route=\/wp\/v2\/users\/1"}],"replies":[{"embeddable":true,"href":"https:\/\/keysupcoaching.com\/index.php?rest_route=%2Fwp%2Fv2%2Fcomments&post=136"}],"version-history":[{"count":39,"href":"https:\/\/keysupcoaching.com\/index.php?rest_route=\/wp\/v2\/pages\/136\/revisions"}],"predecessor-version":[{"id":336,"href":"https:\/\/keysupcoaching.com\/index.php?rest_route=\/wp\/v2\/pages\/136\/revisions\/336"}],"wp:attachment":[{"href":"https:\/\/keysupcoaching.com\/index.php?rest_route=%2Fwp%2Fv2%2Fmedia&parent=136"}],"curies":[{"name":"wp","href":"https:\/\/api.w.org\/{rel}","templated":true}]}}